{"id":2,"date":"2024-02-21T10:26:33","date_gmt":"2024-02-21T10:26:33","guid":{"rendered":"http:\/\/luciaarmino.com\/?page_id=2"},"modified":"2026-01-14T14:12:24","modified_gmt":"2026-01-14T14:12:24","slug":"sobre-mi","status":"publish","type":"page","link":"https:\/\/luciaarmino.com\/index.php\/sobre-mi\/","title":{"rendered":"Sobre mi"},"content":{"rendered":"\n<p><strong>VAL<\/strong><\/p>\n\n\n\n<p>Vaig estudiar gr\u00e0fica impresa a l&#8217;Escola Massana de Barcelona del 2015 al 2017 i des de llavors treballe com a dissenyadora gr\u00e0fica aut\u00f2noma colze a colze amb els moviments ecologistes i en defensa del territori.<\/p>\n\n\n\n<p>Comunique realitats e idees complexes a trav\u00e9s de la imatge. Convide a teixir fils i a reflexionar sobre les din\u00e0miques socials que hi ha de rere de molts del problemes del nostre entorn i les nostres vides.<\/p>\n\n\n\n<p><strong>CAST<\/strong><\/p>\n\n\n\n<p>Estudi\u00e9 gr\u00e1fica impresa en la Escola Massana de Barcelona del 2015 al 2017 y desde entonces trabajo como dise\u00f1adora gr\u00e1fica aut\u00f3noma mano a mano con los movimientos ecologistas y en defensa del territorio.<\/p>\n\n\n\n<p>Comunico realidades e ideas complejas a trav\u00e9s de la imagen. Invito a tejer hilos y a reflexionar sobre los din\u00e1micas sociales que hay de detr\u00e1s de muchos del problemas de nuestro entorno y nuestros vidas.<\/p>\n\n\n\n<p><\/p>\n\n\n\n<p>Clientes:<br>Observatori del Deute en la Globalitzaci\u00f3 (ODG)<br>Enginyeria Sense Fronteres (ESF)<br>Perif\u00e8ries del M\u00f3n<br>Novact<br>SUDS<br>Entrepobles<br>Friends of the Earth Europe<br>Transnational Institute <br>Corporate Europe<br>ENCO<br>Gastivists<br>Artivist Network<br>La Casa dels Futurs<br>CERAI<br>Per l&#8217;Horta<\/p>\n\n\n\n<p>Contacte:<br>luciaarmino@gmail.com<\/p>\n","protected":false},"excerpt":{"rendered":"<p>VAL Vaig estudiar gr\u00e0fica impresa a l&#8217;Escola Massana de Barcelona del 2015 al 2017 i des de llavors treballe com a dissenyadora gr\u00e0fica aut\u00f2noma colze a colze amb els moviments ecologistes i en defensa del territori. Comunique realitats e idees complexes a trav\u00e9s de la imatge. Convide a teixir fils i a reflexionar sobre les [&hellip;]<\/p>\n","protected":false},"author":1,"featured_media":869,"parent":0,"menu_order":0,"comment_status":"closed","ping_status":"closed","template":"page-wide","meta":{"_vp_format_video_url":"","_vp_image_focal_point":[],"footnotes":""},"class_list":["post-2","page","type-page","status-publish","has-post-thumbnail","hentry"],"_links":{"self":[{"href":"https:\/\/luciaarmino.com\/index.php\/wp-json\/wp\/v2\/pages\/2","targetHints":{"allow":["GET"]}}],"collection":[{"href":"https:\/\/luciaarmino.com\/index.php\/wp-json\/wp\/v2\/pages"}],"about":[{"href":"https:\/\/luciaarmino.com\/index.php\/wp-json\/wp\/v2\/types\/page"}],"author":[{"embeddable":true,"href":"https:\/\/luciaarmino.com\/index.php\/wp-json\/wp\/v2\/users\/1"}],"replies":[{"embeddable":true,"href":"https:\/\/luciaarmino.com\/index.php\/wp-json\/wp\/v2\/comments?post=2"}],"version-history":[{"count":10,"href":"https:\/\/luciaarmino.com\/index.php\/wp-json\/wp\/v2\/pages\/2\/revisions"}],"predecessor-version":[{"id":866,"href":"https:\/\/luciaarmino.com\/index.php\/wp-json\/wp\/v2\/pages\/2\/revisions\/866"}],"wp:featuredmedia":[{"embeddable":true,"href":"https:\/\/luciaarmino.com\/index.php\/wp-json\/wp\/v2\/media\/869"}],"wp:attachment":[{"href":"https:\/\/luciaarmino.com\/index.php\/wp-json\/wp\/v2\/media?parent=2"}],"curies":[{"name":"wp","href":"https:\/\/api.w.org\/{rel}","templated":true}]}}